{"id":255,"date":"2020-11-04T10:30:24","date_gmt":"2020-11-04T09:30:24","guid":{"rendered":"http:\/\/test.kriesi.at\/enfold-health-coach\/?page_id=255"},"modified":"2026-02-01T06:32:16","modified_gmt":"2026-02-01T05:32:16","slug":"contact","status":"publish","type":"page","link":"https:\/\/tandem-paragliding-zellamsee.com\/fr\/contact\/","title":{"rendered":"Contact"},"content":{"rendered":"<div data-elementor-type=\"wp-page\" data-elementor-id=\"255\" class=\"elementor elementor-255\" data-elementor-post-type=\"page\">\n\t\t\t\t<div class=\"elementor-element elementor-element-6e1b690 e-con-full e-flex e-con e-parent\" data-id=\"6e1b690\" data-element_type=\"container\" data-settings=\"{&quot;background_background&quot;:&quot;classic&quot;,&quot;jet_parallax_layout_list&quot;:[]}\">\n\t\t\t\t<div class=\"elementor-element elementor-element-88773df elementor-align-left elementor-widget elementor-widget-breadcrumbs\" data-id=\"88773df\" data-element_type=\"widget\" data-widget_type=\"breadcrumbs.default\">\n\t\t\t\t\t<p id=\"breadcrumbs\"><span><span><a href=\"https:\/\/tandem-paragliding-zellamsee.com\/fr\/\">Page d&#039;accueil<\/a><\/span><\/span><\/p>\t\t\t\t<\/div>\n\t\t\t\t<\/div>\n\t\t<div class=\"elementor-element elementor-element-67154e0 e-flex e-con-boxed e-con e-parent\" data-id=\"67154e0\" data-element_type=\"container\" data-settings=\"{&quot;jet_parallax_layout_list&quot;:[]}\">\n\t\t\t\t\t<div class=\"e-con-inner\">\n\t\t<div class=\"elementor-element elementor-element-fe64ddf e-con-full e-flex e-con e-child\" data-id=\"fe64ddf\" data-element_type=\"container\" data-settings=\"{&quot;jet_parallax_layout_list&quot;:[]}\">\n\t\t\t\t<div class=\"elementor-element elementor-element-6fb617e elementor-widget elementor-widget-heading\" data-id=\"6fb617e\" data-element_type=\"widget\" data-widget_type=\"heading.default\">\n\t\t\t\t\t<h1 class=\"elementor-heading-title elementor-size-default\">Contact<\/h1>\t\t\t\t<\/div>\n\t\t\t\t<div class=\"elementor-element elementor-element-f15a38c elementor-widget elementor-widget-heading\" data-id=\"f15a38c\" data-element_type=\"widget\" data-widget_type=\"heading.default\">\n\t\t\t\t\t<h2 class=\"elementor-heading-title elementor-size-default\">Encore des questions ?<\/h2>\t\t\t\t<\/div>\n\t\t\t\t<\/div>\n\t\t<div class=\"elementor-element elementor-element-a2984c7 e-con-full e-flex e-con e-child\" data-id=\"a2984c7\" data-element_type=\"container\" data-settings=\"{&quot;jet_parallax_layout_list&quot;:[]}\">\n\t\t\t\t<div class=\"elementor-element elementor-element-3b619ed elementor-widget elementor-widget-text-editor\" data-id=\"3b619ed\" data-element_type=\"widget\" data-widget_type=\"text-editor.default\">\n\t\t\t\t\t\t\t\t\t<p>Le moyen le plus rapide et le meilleur de nous joindre est via ceci <strong>Ic\u00f4ne WhatsApp<\/strong> en bas \u00e0 droite. Et ici vous trouverez tout <a href=\"https:\/\/tandem-paragliding-zellamsee.com\/fr\/questions-et-reponses\/\">R\u00e9pondez aux questions<\/a>Veuillez le lire bri\u00e8vement et toute confusion sera dissip\u00e9e.<\/p><p><strong>Contact:<\/strong><\/p><p>Falken Air GmbH<br \/>Mag.Josef Nindl<br \/>Mail: <a href=\"mailto:info[AT]falkenair[PUNKT]com\">info[AT]falkenair[PUNKT]com<\/a><br \/>T\u00e9l\u00e9phone: <a href=\"\/fr\/t\u00e9l:+436644414443\/\">+43 664 441 44 43<\/a><\/p><p>Si vous n&#039;arrivez pas \u00e0 nous joindre par t\u00e9l\u00e9phone, nous sommes actuellement en vol. Veuillez nous envoyer un message WhatsApp.<\/p><p><strong>Coordonn\u00e9es bancaires<\/strong>:<br \/>Destinataire : Falken Air GmbH<br \/>Iban\u00a0: AT14 3501 2000 0124 4219<br \/>Bic : RVSAAT2S012<br \/>Lors d&#039;un virement bancaire, merci d&#039;indiquer le num\u00e9ro de commande.<\/p>\t\t\t\t\t\t\t\t<\/div>\n\t\t\t\t<\/div>\n\t\t\t\t\t<\/div>\n\t\t\t\t<\/div>\n\t\t<div class=\"elementor-element elementor-element-7b4d850 e-flex e-con-boxed e-con e-parent\" data-id=\"7b4d850\" data-element_type=\"container\" data-settings=\"{&quot;background_background&quot;:&quot;classic&quot;,&quot;jet_parallax_layout_list&quot;:[]}\">\n\t\t\t\t\t<div class=\"e-con-inner\">\n\t\t\t\t<div class=\"elementor-element elementor-element-5d92842 elementor-button-align-stretch elementor-widget elementor-widget-form\" data-id=\"5d92842\" data-element_type=\"widget\" data-settings=\"{&quot;step_next_label&quot;:&quot;N\\u00e4chster&quot;,&quot;step_previous_label&quot;:&quot;Voriger&quot;,&quot;button_width&quot;:&quot;100&quot;,&quot;step_type&quot;:&quot;number_text&quot;,&quot;step_icon_shape&quot;:&quot;circle&quot;}\" data-widget_type=\"form.default\">\n\t\t\t\t\t\t\t<form class=\"elementor-form\" method=\"post\" name=\"Neues Formular\" action=\"\">\n\t\t\t<input type=\"hidden\" name=\"post_id\" value=\"255\"\/>\n\t\t\t<input type=\"hidden\" name=\"form_id\" value=\"5d92842\"\/>\n\t\t\t<input type=\"hidden\" name=\"referer_title\" value=\"Kontakt mit Tandem Paragliding Zell am See aufnehmen\" \/>\n\n\t\t\t\t\t\t\t<input type=\"hidden\" name=\"queried_id\" value=\"255\"\/>\n\t\t\t\n\t\t\t<div class=\"elementor-form-fields-wrapper elementor-labels-above\">\n\t\t\t\t\t\t\t\t<div class=\"elementor-field-type-text elementor-field-group elementor-column elementor-field-group-name elementor-col-50 elementor-field-required\">\n\t\t\t\t\t\t\t\t\t\t\t\t<label for=\"form-field-name\" class=\"elementor-field-label\">\n\t\t\t\t\t\t\t\tVotre nom\t\t\t\t\t\t\t<\/label>\n\t\t\t\t\t\t\t\t\t\t\t\t\t\t<input size=\"1\" type=\"text\" name=\"form_fields[name]\" id=\"form-field-name\" class=\"elementor-field elementor-size-sm  elementor-field-textual\" required=\"required\">\n\t\t\t\t\t\t\t\t\t\t\t<\/div>\n\t\t\t\t\t\t\t\t<div class=\"elementor-field-type-email elementor-field-group elementor-column elementor-field-group-email elementor-col-50 elementor-field-required\">\n\t\t\t\t\t\t\t\t\t\t\t\t<label for=\"form-field-email\" class=\"elementor-field-label\">\n\t\t\t\t\t\t\t\tVotre adresse e-mail\t\t\t\t\t\t\t<\/label>\n\t\t\t\t\t\t\t\t\t\t\t\t\t\t<input size=\"1\" type=\"email\" name=\"form_fields[email]\" id=\"form-field-email\" class=\"elementor-field elementor-size-sm  elementor-field-textual\" required=\"required\">\n\t\t\t\t\t\t\t\t\t\t\t<\/div>\n\t\t\t\t\t\t\t\t<div class=\"elementor-field-type-textarea elementor-field-group elementor-column elementor-field-group-message elementor-col-100\">\n\t\t\t\t\t\t\t\t\t\t\t\t<label for=\"form-field-message\" class=\"elementor-field-label\">\n\t\t\t\t\t\t\t\tVotre message\t\t\t\t\t\t\t<\/label>\n\t\t\t\t\t\t<textarea class=\"elementor-field-textual elementor-field  elementor-size-sm\" name=\"form_fields[message]\" id=\"form-field-message\" rows=\"4\"><\/textarea>\t\t\t\t<\/div>\n\t\t\t\t\t\t\t\t<div class=\"elementor-field-type-recaptcha_v3 elementor-field-group elementor-column elementor-field-group-field_ff0868a elementor-col-100 recaptcha_v3-inline\">\n\t\t\t\t\t<div class=\"elementor-field\" id=\"form-field-field_ff0868a\"><div class=\"elementor-g-recaptcha\" data-sitekey=\"6LflM2EpAAAAAKGDqe1cxd0a_p5KSjh22lrnoBdV\" data-type=\"v3\" data-action=\"Form\" data-badge=\"inline\" data-size=\"invisible\"><\/div><\/div>\t\t\t\t<\/div>\n\t\t\t\t\t\t\t\t<div class=\"elementor-field-group elementor-column elementor-field-type-submit elementor-col-100 e-form__buttons\">\n\t\t\t\t\t<button class=\"elementor-button elementor-size-sm\" type=\"submit\">\n\t\t\t\t\t\t<span class=\"elementor-button-content-wrapper\">\n\t\t\t\t\t\t\t\t\t\t\t\t\t\t\t\t\t\t\t\t\t\t<span class=\"elementor-button-text\">Envoyer une demande<\/span>\n\t\t\t\t\t\t\t\t\t\t\t\t\t<\/span>\n\t\t\t\t\t<\/button>\n\t\t\t\t<\/div>\n\t\t\t<\/div>\n\t\t<input type=\"hidden\" name=\"trp-form-language\" value=\"fr\"\/><\/form>\n\t\t\t\t\t\t<\/div>\n\t\t\t\t<div class=\"elementor-element elementor-element-1c8158a elementor-widget elementor-widget-text-editor\" data-id=\"1c8158a\" data-element_type=\"widget\" data-widget_type=\"text-editor.default\">\n\t\t\t\t\t\t\t\t\t<p>Si vous nous contactez via un formulaire sur le site Internet ou par e-mail, les donn\u00e9es que vous fournissez seront conserv\u00e9es par nos soins pendant six mois afin de traiter votre demande et en cas de questions compl\u00e9mentaires. Nous ne transmettrons pas ces donn\u00e9es sans votre consentement. En savoir plus sur le n\u00f4tre ici <a href=\"https:\/\/tandem-paragliding-zellamsee.com\/fr\/protection-des-donnees\/\">protection des donn\u00e9es<\/a>\u2026<\/p>\t\t\t\t\t\t\t\t<\/div>\n\t\t\t\t\t<\/div>\n\t\t\t\t<\/div>\n\t\t<div class=\"elementor-element elementor-element-3f839a2 e-con-full e-flex e-con e-parent\" data-id=\"3f839a2\" data-element_type=\"container\" data-settings=\"{&quot;background_background&quot;:&quot;classic&quot;,&quot;jet_parallax_layout_list&quot;:[]}\">\n\t\t<div class=\"elementor-element elementor-element-cdc40d4 e-con-full e-flex e-con e-child\" data-id=\"cdc40d4\" data-element_type=\"container\" data-settings=\"{&quot;jet_parallax_layout_list&quot;:[],&quot;background_background&quot;:&quot;classic&quot;}\">\n\t\t\t\t<div class=\"elementor-element elementor-element-be30422 elementor-widget elementor-widget-heading\" data-id=\"be30422\" data-element_type=\"widget\" data-widget_type=\"heading.default\">\n\t\t\t\t\t<h2 class=\"elementor-heading-title elementor-size-default\">Horaires d&#039;ouvertures<\/h2>\t\t\t\t<\/div>\n\t\t\t\t<div class=\"elementor-element elementor-element-037f40c elementor-widget elementor-widget-text-editor\" data-id=\"037f40c\" data-element_type=\"widget\" data-widget_type=\"text-editor.default\">\n\t\t\t\t\t\t\t\t\t<p>Nous sommes disponibles tous les jours de 8h \u00e0 18h.<\/p><p>Nos vols ont lieu tous les jours de 8h45 \u00e0 15h45 (sous r\u00e9serve d&#039;ouverture des t\u00e9l\u00e9ph\u00e9riques).<\/p><p>Vous pouvez r\u00e9server votre vol en ligne 24 heures sur 24.<\/p>\t\t\t\t\t\t\t\t<\/div>\n\t\t\t\t<div class=\"elementor-element elementor-element-ee0faea elementor-align-right elementor-mobile-align-left elementor-widget elementor-widget-button\" data-id=\"ee0faea\" data-element_type=\"widget\" data-widget_type=\"button.default\">\n\t\t\t\t\t\t\t\t\t\t<a class=\"elementor-button elementor-button-link elementor-size-sm\" href=\"https:\/\/tandem-paragliding-zellamsee.com\/fr\/prenez-rendez-vous\/\">\n\t\t\t\t\t\t<span class=\"elementor-button-content-wrapper\">\n\t\t\t\t\t\t\t\t\t<span class=\"elementor-button-text\">prenez rendez-vous <\/span>\n\t\t\t\t\t<\/span>\n\t\t\t\t\t<\/a>\n\t\t\t\t\t\t\t\t<\/div>\n\t\t\t\t<\/div>\n\t\t<div class=\"elementor-element elementor-element-5743bdf e-con-full e-flex e-con e-child\" data-id=\"5743bdf\" data-element_type=\"container\" data-settings=\"{&quot;jet_parallax_layout_list&quot;:[]}\">\n\t\t\t\t<div class=\"elementor-element elementor-element-8792476 elementor-widget elementor-widget-image\" data-id=\"8792476\" data-element_type=\"widget\" data-widget_type=\"image.default\">\n\t\t\t\t\t\t\t\t\t\t\t\t\t\t\t<img fetchpriority=\"high\" decoding=\"async\" width=\"800\" height=\"700\" src=\"https:\/\/tandem-paragliding-zellamsee.com\/wp-content\/uploads\/2024\/07\/53276673147_ffdf29e99f_o-scaled-1-1030x901.jpg\" class=\"attachment-large size-large wp-image-15775\" alt=\"\" srcset=\"https:\/\/tandem-paragliding-zellamsee.com\/wp-content\/uploads\/2024\/07\/53276673147_ffdf29e99f_o-scaled-1-1030x901.jpg 1030w, https:\/\/tandem-paragliding-zellamsee.com\/wp-content\/uploads\/2024\/07\/53276673147_ffdf29e99f_o-scaled-1-300x263.jpg 300w, https:\/\/tandem-paragliding-zellamsee.com\/wp-content\/uploads\/2024\/07\/53276673147_ffdf29e99f_o-scaled-1-768x672.jpg 768w, https:\/\/tandem-paragliding-zellamsee.com\/wp-content\/uploads\/2024\/07\/53276673147_ffdf29e99f_o-scaled-1-1536x1344.jpg 1536w, https:\/\/tandem-paragliding-zellamsee.com\/wp-content\/uploads\/2024\/07\/53276673147_ffdf29e99f_o-scaled-1-2048x1792.jpg 2048w, https:\/\/tandem-paragliding-zellamsee.com\/wp-content\/uploads\/2024\/07\/53276673147_ffdf29e99f_o-scaled-1-14x12.jpg 14w\" sizes=\"(max-width: 800px) 100vw, 800px\" \/>\t\t\t\t\t\t\t\t\t\t\t\t\t\t\t<\/div>\n\t\t\t\t<\/div>\n\t\t\t\t<\/div>\n\t\t\t\t<\/div>","protected":false},"excerpt":{"rendered":"<p>Kontakt Noch Fragen? Am schnellsten und besten erreichst du uns \u00fcber das Whatsapp Symbol rechts unten. Und hier findest du alle Fragen &amp; Antworten. Bitte lies sie dir kurz durch, dann sind alle Unklarheiten beseitigt. Kontakt: Falken Air GmbHMag. Josef NindlMail: info[AT]falkenair[PUNKT]comTelefon: +43 664 441 44 43 Wenn du uns telefonisch nicht erreichst, fliegen wir [&hellip;]<\/p>","protected":false},"author":1,"featured_media":0,"parent":0,"menu_order":13,"comment_status":"closed","ping_status":"closed","template":"","meta":{"_acf_changed":false,"footnotes":""},"class_list":["post-255","page","type-page","status-publish","hentry"],"acf":[],"yoast_head":"<!-- This site is optimized with the Yoast SEO plugin v27.5 - https:\/\/yoast.com\/product\/yoast-seo-wordpress\/ -->\n<title>Kontakt mit Tandem Paragliding Zell am See aufnehmen<\/title>\n<meta name=\"description\" content=\"Schreib uns gleich! Wir freuen uns auf deine Nachricht. Tandem Paragliding Zell am See ist das unvergessliche Abenteuer.\" \/>\n<meta name=\"robots\" content=\"index, follow, max-snippet:-1, max-image-preview:large, max-video-preview:-1\" \/>\n<link rel=\"canonical\" href=\"https:\/\/tandem-paragliding-zellamsee.com\/fr\/contact\/\" \/>\n<meta property=\"og:locale\" content=\"fr_FR\" \/>\n<meta property=\"og:type\" content=\"article\" \/>\n<meta property=\"og:title\" content=\"Kontakt mit Tandem Paragliding Zell am See aufnehmen\" \/>\n<meta property=\"og:description\" content=\"Schreib uns gleich! Wir freuen uns auf deine Nachricht. Tandem Paragliding Zell am See ist das unvergessliche Abenteuer.\" \/>\n<meta property=\"og:url\" content=\"https:\/\/tandem-paragliding-zellamsee.com\/fr\/contact\/\" \/>\n<meta property=\"og:site_name\" content=\"Tandem Paragliding Zell am See\" \/>\n<meta property=\"article:publisher\" content=\"https:\/\/www.facebook.com\/Falkenair\" \/>\n<meta property=\"article:modified_time\" content=\"2026-02-01T05:32:16+00:00\" \/>\n<meta property=\"og:image\" content=\"https:\/\/tandem-paragliding-zellamsee.com\/wp-content\/uploads\/2024\/07\/53276673147_ffdf29e99f_o-scaled-1.jpg\" \/>\n\t<meta property=\"og:image:width\" content=\"2560\" \/>\n\t<meta property=\"og:image:height\" content=\"2240\" \/>\n\t<meta property=\"og:image:type\" content=\"image\/jpeg\" \/>\n<meta name=\"twitter:card\" content=\"summary_large_image\" \/>\n<meta name=\"twitter:label1\" content=\"Dur\u00e9e de lecture estim\u00e9e\" \/>\n\t<meta name=\"twitter:data1\" content=\"1 minute\" \/>\n<script type=\"application\/ld+json\" class=\"yoast-schema-graph\">{\"@context\":\"https:\\\/\\\/schema.org\",\"@graph\":[{\"@type\":\"WebPage\",\"@id\":\"https:\\\/\\\/tandem-paragliding-zellamsee.com\\\/kontakt\\\/\",\"url\":\"https:\\\/\\\/tandem-paragliding-zellamsee.com\\\/kontakt\\\/\",\"name\":\"Kontakt mit Tandem Paragliding Zell am See aufnehmen\",\"isPartOf\":{\"@id\":\"https:\\\/\\\/tandem-paragliding-zellamsee.com\\\/#website\"},\"primaryImageOfPage\":{\"@id\":\"https:\\\/\\\/tandem-paragliding-zellamsee.com\\\/kontakt\\\/#primaryimage\"},\"image\":{\"@id\":\"https:\\\/\\\/tandem-paragliding-zellamsee.com\\\/kontakt\\\/#primaryimage\"},\"thumbnailUrl\":\"https:\\\/\\\/tandem-paragliding-zellamsee.com\\\/wp-content\\\/uploads\\\/2024\\\/07\\\/53276673147_ffdf29e99f_o-scaled-1-1030x901.jpg\",\"datePublished\":\"2020-11-04T09:30:24+00:00\",\"dateModified\":\"2026-02-01T05:32:16+00:00\",\"description\":\"Schreib uns gleich! Wir freuen uns auf deine Nachricht. Tandem Paragliding Zell am See ist das unvergessliche Abenteuer.\",\"breadcrumb\":{\"@id\":\"https:\\\/\\\/tandem-paragliding-zellamsee.com\\\/kontakt\\\/#breadcrumb\"},\"inLanguage\":\"fr-FR\",\"potentialAction\":[{\"@type\":\"ReadAction\",\"target\":[\"https:\\\/\\\/tandem-paragliding-zellamsee.com\\\/kontakt\\\/\"]}]},{\"@type\":\"ImageObject\",\"inLanguage\":\"fr-FR\",\"@id\":\"https:\\\/\\\/tandem-paragliding-zellamsee.com\\\/kontakt\\\/#primaryimage\",\"url\":\"https:\\\/\\\/tandem-paragliding-zellamsee.com\\\/wp-content\\\/uploads\\\/2024\\\/07\\\/53276673147_ffdf29e99f_o-scaled-1-1030x901.jpg\",\"contentUrl\":\"https:\\\/\\\/tandem-paragliding-zellamsee.com\\\/wp-content\\\/uploads\\\/2024\\\/07\\\/53276673147_ffdf29e99f_o-scaled-1-1030x901.jpg\"},{\"@type\":\"BreadcrumbList\",\"@id\":\"https:\\\/\\\/tandem-paragliding-zellamsee.com\\\/kontakt\\\/#breadcrumb\",\"itemListElement\":[{\"@type\":\"ListItem\",\"position\":1,\"name\":\"Startseite\",\"item\":\"https:\\\/\\\/tandem-paragliding-zellamsee.com\\\/\"},{\"@type\":\"ListItem\",\"position\":2,\"name\":\"Kontakt\"}]},{\"@type\":\"WebSite\",\"@id\":\"https:\\\/\\\/tandem-paragliding-zellamsee.com\\\/#website\",\"url\":\"https:\\\/\\\/tandem-paragliding-zellamsee.com\\\/\",\"name\":\"Tandem Paragliding Zell am See\",\"description\":\"Tandemflug in Zell am See mit Falken Air\",\"publisher\":{\"@id\":\"https:\\\/\\\/tandem-paragliding-zellamsee.com\\\/#organization\"},\"potentialAction\":[{\"@type\":\"SearchAction\",\"target\":{\"@type\":\"EntryPoint\",\"urlTemplate\":\"https:\\\/\\\/tandem-paragliding-zellamsee.com\\\/?s={search_term_string}\"},\"query-input\":{\"@type\":\"PropertyValueSpecification\",\"valueRequired\":true,\"valueName\":\"search_term_string\"}}],\"inLanguage\":\"fr-FR\"},{\"@type\":\"Organization\",\"@id\":\"https:\\\/\\\/tandem-paragliding-zellamsee.com\\\/#organization\",\"name\":\"Tandem Paragliding Zell am See\",\"url\":\"https:\\\/\\\/tandem-paragliding-zellamsee.com\\\/\",\"logo\":{\"@type\":\"ImageObject\",\"inLanguage\":\"fr-FR\",\"@id\":\"https:\\\/\\\/tandem-paragliding-zellamsee.com\\\/#\\\/schema\\\/logo\\\/image\\\/\",\"url\":\"https:\\\/\\\/tandem-paragliding-zellamsee.com\\\/wp-content\\\/uploads\\\/2024\\\/06\\\/schriftzug-falkenair.svg\",\"contentUrl\":\"https:\\\/\\\/tandem-paragliding-zellamsee.com\\\/wp-content\\\/uploads\\\/2024\\\/06\\\/schriftzug-falkenair.svg\",\"width\":585.541,\"height\":91.215,\"caption\":\"Tandem Paragliding Zell am See\"},\"image\":{\"@id\":\"https:\\\/\\\/tandem-paragliding-zellamsee.com\\\/#\\\/schema\\\/logo\\\/image\\\/\"},\"sameAs\":[\"https:\\\/\\\/www.facebook.com\\\/Falkenair\",\"https:\\\/\\\/www.instagram.com\\\/falken_air\\\/\"]}]}<\/script>\n<!-- \/ Yoast SEO plugin. -->","yoast_head_json":{"title":"Kontakt mit Tandem Paragliding Zell am See aufnehmen","description":"Schreib uns gleich! Wir freuen uns auf deine Nachricht. Tandem Paragliding Zell am See ist das unvergessliche Abenteuer.","robots":{"index":"index","follow":"follow","max-snippet":"max-snippet:-1","max-image-preview":"max-image-preview:large","max-video-preview":"max-video-preview:-1"},"canonical":"https:\/\/tandem-paragliding-zellamsee.com\/fr\/contact\/","og_locale":"fr_FR","og_type":"article","og_title":"Kontakt mit Tandem Paragliding Zell am See aufnehmen","og_description":"Schreib uns gleich! Wir freuen uns auf deine Nachricht. Tandem Paragliding Zell am See ist das unvergessliche Abenteuer.","og_url":"https:\/\/tandem-paragliding-zellamsee.com\/fr\/contact\/","og_site_name":"Tandem Paragliding Zell am See","article_publisher":"https:\/\/www.facebook.com\/Falkenair","article_modified_time":"2026-02-01T05:32:16+00:00","og_image":[{"width":2560,"height":2240,"url":"https:\/\/tandem-paragliding-zellamsee.com\/wp-content\/uploads\/2024\/07\/53276673147_ffdf29e99f_o-scaled-1.jpg","type":"image\/jpeg"}],"twitter_card":"summary_large_image","twitter_misc":{"Dur\u00e9e de lecture estim\u00e9e":"1 minute"},"schema":{"@context":"https:\/\/schema.org","@graph":[{"@type":"WebPage","@id":"https:\/\/tandem-paragliding-zellamsee.com\/kontakt\/","url":"https:\/\/tandem-paragliding-zellamsee.com\/kontakt\/","name":"Kontakt mit Tandem Paragliding Zell am See aufnehmen","isPartOf":{"@id":"https:\/\/tandem-paragliding-zellamsee.com\/#website"},"primaryImageOfPage":{"@id":"https:\/\/tandem-paragliding-zellamsee.com\/kontakt\/#primaryimage"},"image":{"@id":"https:\/\/tandem-paragliding-zellamsee.com\/kontakt\/#primaryimage"},"thumbnailUrl":"https:\/\/tandem-paragliding-zellamsee.com\/wp-content\/uploads\/2024\/07\/53276673147_ffdf29e99f_o-scaled-1-1030x901.jpg","datePublished":"2020-11-04T09:30:24+00:00","dateModified":"2026-02-01T05:32:16+00:00","description":"Schreib uns gleich! Wir freuen uns auf deine Nachricht. Tandem Paragliding Zell am See ist das unvergessliche Abenteuer.","breadcrumb":{"@id":"https:\/\/tandem-paragliding-zellamsee.com\/kontakt\/#breadcrumb"},"inLanguage":"fr-FR","potentialAction":[{"@type":"ReadAction","target":["https:\/\/tandem-paragliding-zellamsee.com\/kontakt\/"]}]},{"@type":"ImageObject","inLanguage":"fr-FR","@id":"https:\/\/tandem-paragliding-zellamsee.com\/kontakt\/#primaryimage","url":"https:\/\/tandem-paragliding-zellamsee.com\/wp-content\/uploads\/2024\/07\/53276673147_ffdf29e99f_o-scaled-1-1030x901.jpg","contentUrl":"https:\/\/tandem-paragliding-zellamsee.com\/wp-content\/uploads\/2024\/07\/53276673147_ffdf29e99f_o-scaled-1-1030x901.jpg"},{"@type":"BreadcrumbList","@id":"https:\/\/tandem-paragliding-zellamsee.com\/kontakt\/#breadcrumb","itemListElement":[{"@type":"ListItem","position":1,"name":"Startseite","item":"https:\/\/tandem-paragliding-zellamsee.com\/"},{"@type":"ListItem","position":2,"name":"Kontakt"}]},{"@type":"WebSite","@id":"https:\/\/tandem-paragliding-zellamsee.com\/#website","url":"https:\/\/tandem-paragliding-zellamsee.com\/","name":"Tandem Paragliding Zell am See","description":"Tandemflug in Zell am See mit Falken Air","publisher":{"@id":"https:\/\/tandem-paragliding-zellamsee.com\/#organization"},"potentialAction":[{"@type":"SearchAction","target":{"@type":"EntryPoint","urlTemplate":"https:\/\/tandem-paragliding-zellamsee.com\/?s={search_term_string}"},"query-input":{"@type":"PropertyValueSpecification","valueRequired":true,"valueName":"search_term_string"}}],"inLanguage":"fr-FR"},{"@type":"Organization","@id":"https:\/\/tandem-paragliding-zellamsee.com\/#organization","name":"Tandem Paragliding Zell am See","url":"https:\/\/tandem-paragliding-zellamsee.com\/","logo":{"@type":"ImageObject","inLanguage":"fr-FR","@id":"https:\/\/tandem-paragliding-zellamsee.com\/#\/schema\/logo\/image\/","url":"https:\/\/tandem-paragliding-zellamsee.com\/wp-content\/uploads\/2024\/06\/schriftzug-falkenair.svg","contentUrl":"https:\/\/tandem-paragliding-zellamsee.com\/wp-content\/uploads\/2024\/06\/schriftzug-falkenair.svg","width":585.541,"height":91.215,"caption":"Tandem Paragliding Zell am See"},"image":{"@id":"https:\/\/tandem-paragliding-zellamsee.com\/#\/schema\/logo\/image\/"},"sameAs":["https:\/\/www.facebook.com\/Falkenair","https:\/\/www.instagram.com\/falken_air\/"]}]}},"_links":{"self":[{"href":"https:\/\/tandem-paragliding-zellamsee.com\/fr\/wp-json\/wp\/v2\/pages\/255","targetHints":{"allow":["GET"]}}],"collection":[{"href":"https:\/\/tandem-paragliding-zellamsee.com\/fr\/wp-json\/wp\/v2\/pages"}],"about":[{"href":"https:\/\/tandem-paragliding-zellamsee.com\/fr\/wp-json\/wp\/v2\/types\/page"}],"author":[{"embeddable":true,"href":"https:\/\/tandem-paragliding-zellamsee.com\/fr\/wp-json\/wp\/v2\/users\/1"}],"replies":[{"embeddable":true,"href":"https:\/\/tandem-paragliding-zellamsee.com\/fr\/wp-json\/wp\/v2\/comments?post=255"}],"version-history":[{"count":5,"href":"https:\/\/tandem-paragliding-zellamsee.com\/fr\/wp-json\/wp\/v2\/pages\/255\/revisions"}],"predecessor-version":[{"id":17663,"href":"https:\/\/tandem-paragliding-zellamsee.com\/fr\/wp-json\/wp\/v2\/pages\/255\/revisions\/17663"}],"wp:attachment":[{"href":"https:\/\/tandem-paragliding-zellamsee.com\/fr\/wp-json\/wp\/v2\/media?parent=255"}],"curies":[{"name":"wp","href":"https:\/\/api.w.org\/{rel}","templated":true}]}}