{"id":15949,"date":"2024-07-02T16:41:45","date_gmt":"2024-07-02T14:41:45","guid":{"rendered":"https:\/\/tandem-paragliding-zellamsee.com\/kontakt-copy\/"},"modified":"2025-10-01T07:50:24","modified_gmt":"2025-10-01T05:50:24","slug":"imprimer","status":"publish","type":"page","link":"https:\/\/tandem-paragliding-zellamsee.com\/fr\/imprimer\/","title":{"rendered":"imprimer"},"content":{"rendered":"<div data-elementor-type=\"wp-page\" data-elementor-id=\"15949\" class=\"elementor elementor-15949\" data-elementor-post-type=\"page\">\n\t\t\t\t<div class=\"elementor-element elementor-element-50a860c stage-simple e-flex e-con-boxed e-con e-parent\" data-id=\"50a860c\" data-element_type=\"container\" data-settings=\"{&quot;background_background&quot;:&quot;classic&quot;,&quot;jet_parallax_layout_list&quot;:[]}\">\n\t\t\t\t\t<div class=\"e-con-inner\">\n\t\t\t\t\t<\/div>\n\t\t\t\t<\/div>\n\t\t<div class=\"elementor-element elementor-element-eb79933 e-flex e-con-boxed e-con e-parent\" data-id=\"eb79933\" data-element_type=\"container\" data-settings=\"{&quot;jet_parallax_layout_list&quot;:[]}\">\n\t\t\t\t\t<div class=\"e-con-inner\">\n\t\t\t\t<div class=\"elementor-element elementor-element-038f6da elementor-widget elementor-widget-heading\" data-id=\"038f6da\" data-element_type=\"widget\" data-widget_type=\"heading.default\">\n\t\t\t\t\t<h1 class=\"elementor-heading-title elementor-size-default\">imprimer<\/h1>\t\t\t\t<\/div>\n\t\t\t\t<div class=\"elementor-element elementor-element-159d3d8 elementor-widget elementor-widget-text-editor\" data-id=\"159d3d8\" data-element_type=\"widget\" data-widget_type=\"text-editor.default\">\n\t\t\t\t\t\t\t\t\t<h3>Contact<\/h3><p>Falken Air GmbH<br \/>Mag.Josef Nindl<br \/>Nikolaus-Gassner-Str. 79<br \/>5710 Kaprun<\/p><p>T\u00e9l\u00e9phone : +43 664 441 44 43<br \/>E-mail: <a href=\"mailto:info@falkenair.com\"><strong>info@falkenair.com<\/strong><\/a><\/p><h2><strong>Coordonn\u00e9es bancaires:<\/strong><\/h2><p>Banque Raiffeisen Hohe Tauern<br \/>Iban\u00a0: AT14 3501 2000 0124 4219<br \/>Bic : RVSAAT2S012<\/p><p>Lors d&#039;un virement, veuillez toujours indiquer le num\u00e9ro de commande comme r\u00e9f\u00e9rence d&#039;utilisation ou de paiement pr\u00e9vue.<\/p><h3>L\u00e9gal<\/h3><p>Autorit\u00e9 selon ECG : autorit\u00e9 du district de Zell am See<\/p><p>Objet de l&#039;entreprise : Transport de personnes et de choses avec des parapentes<br \/>Autorit\u00e9 selon l&#039;ECG (loi sur le commerce \u00e9lectronique) : autorit\u00e9 du district de Zell am See<br \/><a href=\"https:\/\/firmen.wko.at\/mag-rer-soc-oec-josef-johann-nindl-falken-air-tandem-paragliding-zell-am-see\/salzburg\/?firmaid=789a75c4-4f8f-425d-9f70-6863dc9846f2\" target=\"_blank\" rel=\"noopener\"><strong>Informations sur l\u2019entreprise WKO<\/strong><\/a><\/p><h3>Informations juridiques sur la responsabilit\u00e9<\/h3><p>Nous nous effor\u00e7ons de garantir que les informations fournies sur ce site Web sont exactes et \u00e0 jour. N\u00e9anmoins, des erreurs et des ambigu\u00eft\u00e9s ne peuvent \u00eatre exclues. Nous n&#039;assumons donc aucune responsabilit\u00e9 quant \u00e0 l&#039;actualit\u00e9, l&#039;exactitude, l&#039;exhaustivit\u00e9 ou la qualit\u00e9 des informations et des prix fournis. Tous les prix en euros<\/p><p>Nous n&#039;avons aucune influence sur les \u00ab\u00a0contenus externes\u00a0\u00bb et ne les adoptons pas comme n\u00f4tres. Nous n&#039;avons connaissance d&#039;aucun contenu ill\u00e9gal ou offensant sur les sites li\u00e9s de fournisseurs tiers. Si les pages li\u00e9es de fournisseurs tiers contiennent des contenus ill\u00e9gaux ou offensants, nous nous distan\u00e7ons express\u00e9ment de ces contenus.<\/p><h3>Informations l\u00e9gales sur le droit d&#039;auteur<\/h3><p>La pr\u00e9sentation de la page d&#039;accueil, les graphiques utilis\u00e9s et le contenu sont prot\u00e9g\u00e9s par le droit d&#039;auteur.<\/p><h3>Imagerie<\/h3><p>Joseph Nindl<\/p>\t\t\t\t\t\t\t\t<\/div>\n\t\t\t\t\t<\/div>\n\t\t\t\t<\/div>\n\t\t\t\t<\/div>","protected":false},"excerpt":{"rendered":"<p>Mentions l\u00e9gales Contact Mag. Josef NindlNikolaus-Gassner-Str. 795710 Kaprun T\u00e9l\u00e9phone : +43 664 441 44 43E-mail : info@falkenair.com Coordonn\u00e9es bancaires : Raiffeisen Bank Hohe TauernIban : AT14 3501 2000 0124 4219Bic : RVSAAT2S012 Lors des virements, veuillez toujours indiquer le num\u00e9ro du bon comme r\u00e9f\u00e9rence d&#039;utilisation ou de paiement. Autorit\u00e9 l\u00e9gale selon ECG : Autorit\u00e9 du district de Zell am See Objet de l&#039;entreprise : Transport de personnes et de choses avec des parapentes Autorit\u00e9 selon ECG (e-commerce [...]<\/p>","protected":false},"author":6,"featured_media":0,"parent":0,"menu_order":12,"comment_status":"closed","ping_status":"closed","template":"","meta":{"_acf_changed":false,"footnotes":""},"class_list":["post-15949","page","type-page","status-publish","hentry"],"acf":[],"yoast_head":"<!-- This site is optimized with the Yoast SEO plugin v27.5 - https:\/\/yoast.com\/product\/yoast-seo-wordpress\/ -->\n<title>Kontakt mit Tandem Paragliding Zell am See aufnehmen<\/title>\n<meta name=\"description\" content=\"Schreib uns gleich! Wir freuen uns auf deine Nachricht. Tandem Paragliding Zell am See ist das unvergessliche Abenteuer.\" \/>\n<meta name=\"robots\" content=\"index, follow, max-snippet:-1, max-image-preview:large, max-video-preview:-1\" \/>\n<link rel=\"canonical\" href=\"https:\/\/tandem-paragliding-zellamsee.com\/fr\/imprimer\/\" \/>\n<meta property=\"og:locale\" content=\"fr_FR\" \/>\n<meta property=\"og:type\" content=\"article\" \/>\n<meta property=\"og:title\" content=\"Kontakt mit Tandem Paragliding Zell am See aufnehmen\" \/>\n<meta property=\"og:description\" content=\"Schreib uns gleich! Wir freuen uns auf deine Nachricht. Tandem Paragliding Zell am See ist das unvergessliche Abenteuer.\" \/>\n<meta property=\"og:url\" content=\"https:\/\/tandem-paragliding-zellamsee.com\/fr\/imprimer\/\" \/>\n<meta property=\"og:site_name\" content=\"Tandem Paragliding Zell am See\" \/>\n<meta property=\"article:publisher\" content=\"https:\/\/www.facebook.com\/Falkenair\" \/>\n<meta property=\"article:modified_time\" content=\"2025-10-01T05:50:24+00:00\" \/>\n<meta name=\"twitter:card\" content=\"summary_large_image\" \/>\n<meta name=\"twitter:label1\" content=\"Dur\u00e9e de lecture estim\u00e9e\" \/>\n\t<meta name=\"twitter:data1\" content=\"2 minutes\" \/>\n<script type=\"application\/ld+json\" class=\"yoast-schema-graph\">{\"@context\":\"https:\\\/\\\/schema.org\",\"@graph\":[{\"@type\":\"WebPage\",\"@id\":\"https:\\\/\\\/tandem-paragliding-zellamsee.com\\\/impressum\\\/\",\"url\":\"https:\\\/\\\/tandem-paragliding-zellamsee.com\\\/impressum\\\/\",\"name\":\"Kontakt mit Tandem Paragliding Zell am See aufnehmen\",\"isPartOf\":{\"@id\":\"https:\\\/\\\/tandem-paragliding-zellamsee.com\\\/#website\"},\"datePublished\":\"2024-07-02T14:41:45+00:00\",\"dateModified\":\"2025-10-01T05:50:24+00:00\",\"description\":\"Schreib uns gleich! Wir freuen uns auf deine Nachricht. Tandem Paragliding Zell am See ist das unvergessliche Abenteuer.\",\"breadcrumb\":{\"@id\":\"https:\\\/\\\/tandem-paragliding-zellamsee.com\\\/impressum\\\/#breadcrumb\"},\"inLanguage\":\"fr-FR\",\"potentialAction\":[{\"@type\":\"ReadAction\",\"target\":[\"https:\\\/\\\/tandem-paragliding-zellamsee.com\\\/impressum\\\/\"]}]},{\"@type\":\"BreadcrumbList\",\"@id\":\"https:\\\/\\\/tandem-paragliding-zellamsee.com\\\/impressum\\\/#breadcrumb\",\"itemListElement\":[{\"@type\":\"ListItem\",\"position\":1,\"name\":\"Startseite\",\"item\":\"https:\\\/\\\/tandem-paragliding-zellamsee.com\\\/\"},{\"@type\":\"ListItem\",\"position\":2,\"name\":\"Impressum\"}]},{\"@type\":\"WebSite\",\"@id\":\"https:\\\/\\\/tandem-paragliding-zellamsee.com\\\/#website\",\"url\":\"https:\\\/\\\/tandem-paragliding-zellamsee.com\\\/\",\"name\":\"Tandem Paragliding Zell am See\",\"description\":\"Tandemflug in Zell am See mit Falken Air\",\"publisher\":{\"@id\":\"https:\\\/\\\/tandem-paragliding-zellamsee.com\\\/#organization\"},\"potentialAction\":[{\"@type\":\"SearchAction\",\"target\":{\"@type\":\"EntryPoint\",\"urlTemplate\":\"https:\\\/\\\/tandem-paragliding-zellamsee.com\\\/?s={search_term_string}\"},\"query-input\":{\"@type\":\"PropertyValueSpecification\",\"valueRequired\":true,\"valueName\":\"search_term_string\"}}],\"inLanguage\":\"fr-FR\"},{\"@type\":\"Organization\",\"@id\":\"https:\\\/\\\/tandem-paragliding-zellamsee.com\\\/#organization\",\"name\":\"Tandem Paragliding Zell am See\",\"url\":\"https:\\\/\\\/tandem-paragliding-zellamsee.com\\\/\",\"logo\":{\"@type\":\"ImageObject\",\"inLanguage\":\"fr-FR\",\"@id\":\"https:\\\/\\\/tandem-paragliding-zellamsee.com\\\/#\\\/schema\\\/logo\\\/image\\\/\",\"url\":\"https:\\\/\\\/tandem-paragliding-zellamsee.com\\\/wp-content\\\/uploads\\\/2024\\\/06\\\/schriftzug-falkenair.svg\",\"contentUrl\":\"https:\\\/\\\/tandem-paragliding-zellamsee.com\\\/wp-content\\\/uploads\\\/2024\\\/06\\\/schriftzug-falkenair.svg\",\"width\":585.541,\"height\":91.215,\"caption\":\"Tandem Paragliding Zell am See\"},\"image\":{\"@id\":\"https:\\\/\\\/tandem-paragliding-zellamsee.com\\\/#\\\/schema\\\/logo\\\/image\\\/\"},\"sameAs\":[\"https:\\\/\\\/www.facebook.com\\\/Falkenair\",\"https:\\\/\\\/www.instagram.com\\\/falken_air\\\/\"]}]}<\/script>\n<!-- \/ Yoast SEO plugin. -->","yoast_head_json":{"title":"Kontakt mit Tandem Paragliding Zell am See aufnehmen","description":"Schreib uns gleich! Wir freuen uns auf deine Nachricht. Tandem Paragliding Zell am See ist das unvergessliche Abenteuer.","robots":{"index":"index","follow":"follow","max-snippet":"max-snippet:-1","max-image-preview":"max-image-preview:large","max-video-preview":"max-video-preview:-1"},"canonical":"https:\/\/tandem-paragliding-zellamsee.com\/fr\/imprimer\/","og_locale":"fr_FR","og_type":"article","og_title":"Kontakt mit Tandem Paragliding Zell am See aufnehmen","og_description":"Schreib uns gleich! Wir freuen uns auf deine Nachricht. Tandem Paragliding Zell am See ist das unvergessliche Abenteuer.","og_url":"https:\/\/tandem-paragliding-zellamsee.com\/fr\/imprimer\/","og_site_name":"Tandem Paragliding Zell am See","article_publisher":"https:\/\/www.facebook.com\/Falkenair","article_modified_time":"2025-10-01T05:50:24+00:00","twitter_card":"summary_large_image","twitter_misc":{"Dur\u00e9e de lecture estim\u00e9e":"2 minutes"},"schema":{"@context":"https:\/\/schema.org","@graph":[{"@type":"WebPage","@id":"https:\/\/tandem-paragliding-zellamsee.com\/impressum\/","url":"https:\/\/tandem-paragliding-zellamsee.com\/impressum\/","name":"Kontakt mit Tandem Paragliding Zell am See aufnehmen","isPartOf":{"@id":"https:\/\/tandem-paragliding-zellamsee.com\/#website"},"datePublished":"2024-07-02T14:41:45+00:00","dateModified":"2025-10-01T05:50:24+00:00","description":"Schreib uns gleich! Wir freuen uns auf deine Nachricht. Tandem Paragliding Zell am See ist das unvergessliche Abenteuer.","breadcrumb":{"@id":"https:\/\/tandem-paragliding-zellamsee.com\/impressum\/#breadcrumb"},"inLanguage":"fr-FR","potentialAction":[{"@type":"ReadAction","target":["https:\/\/tandem-paragliding-zellamsee.com\/impressum\/"]}]},{"@type":"BreadcrumbList","@id":"https:\/\/tandem-paragliding-zellamsee.com\/impressum\/#breadcrumb","itemListElement":[{"@type":"ListItem","position":1,"name":"Startseite","item":"https:\/\/tandem-paragliding-zellamsee.com\/"},{"@type":"ListItem","position":2,"name":"Impressum"}]},{"@type":"WebSite","@id":"https:\/\/tandem-paragliding-zellamsee.com\/#website","url":"https:\/\/tandem-paragliding-zellamsee.com\/","name":"Tandem Paragliding Zell am See","description":"Tandemflug in Zell am See mit Falken Air","publisher":{"@id":"https:\/\/tandem-paragliding-zellamsee.com\/#organization"},"potentialAction":[{"@type":"SearchAction","target":{"@type":"EntryPoint","urlTemplate":"https:\/\/tandem-paragliding-zellamsee.com\/?s={search_term_string}"},"query-input":{"@type":"PropertyValueSpecification","valueRequired":true,"valueName":"search_term_string"}}],"inLanguage":"fr-FR"},{"@type":"Organization","@id":"https:\/\/tandem-paragliding-zellamsee.com\/#organization","name":"Tandem Paragliding Zell am See","url":"https:\/\/tandem-paragliding-zellamsee.com\/","logo":{"@type":"ImageObject","inLanguage":"fr-FR","@id":"https:\/\/tandem-paragliding-zellamsee.com\/#\/schema\/logo\/image\/","url":"https:\/\/tandem-paragliding-zellamsee.com\/wp-content\/uploads\/2024\/06\/schriftzug-falkenair.svg","contentUrl":"https:\/\/tandem-paragliding-zellamsee.com\/wp-content\/uploads\/2024\/06\/schriftzug-falkenair.svg","width":585.541,"height":91.215,"caption":"Tandem Paragliding Zell am See"},"image":{"@id":"https:\/\/tandem-paragliding-zellamsee.com\/#\/schema\/logo\/image\/"},"sameAs":["https:\/\/www.facebook.com\/Falkenair","https:\/\/www.instagram.com\/falken_air\/"]}]}},"_links":{"self":[{"href":"https:\/\/tandem-paragliding-zellamsee.com\/fr\/wp-json\/wp\/v2\/pages\/15949","targetHints":{"allow":["GET"]}}],"collection":[{"href":"https:\/\/tandem-paragliding-zellamsee.com\/fr\/wp-json\/wp\/v2\/pages"}],"about":[{"href":"https:\/\/tandem-paragliding-zellamsee.com\/fr\/wp-json\/wp\/v2\/types\/page"}],"author":[{"embeddable":true,"href":"https:\/\/tandem-paragliding-zellamsee.com\/fr\/wp-json\/wp\/v2\/users\/6"}],"replies":[{"embeddable":true,"href":"https:\/\/tandem-paragliding-zellamsee.com\/fr\/wp-json\/wp\/v2\/comments?post=15949"}],"version-history":[{"count":5,"href":"https:\/\/tandem-paragliding-zellamsee.com\/fr\/wp-json\/wp\/v2\/pages\/15949\/revisions"}],"predecessor-version":[{"id":17457,"href":"https:\/\/tandem-paragliding-zellamsee.com\/fr\/wp-json\/wp\/v2\/pages\/15949\/revisions\/17457"}],"wp:attachment":[{"href":"https:\/\/tandem-paragliding-zellamsee.com\/fr\/wp-json\/wp\/v2\/media?parent=15949"}],"curies":[{"name":"wp","href":"https:\/\/api.w.org\/{rel}","templated":true}]}}